{"id":2,"date":"2016-09-08T15:04:53","date_gmt":"2016-09-08T15:04:53","guid":{"rendered":"http:\/\/alquimiaequina.com.ar\/cont\/?page_id=2"},"modified":"2016-11-28T14:40:09","modified_gmt":"2016-11-28T14:40:09","slug":"pagina-ejemplo","status":"publish","type":"page","link":"https:\/\/alquimiaequina.com.ar\/cont\/pagina-ejemplo","title":{"rendered":"Qui\u00e9nes Somos"},"content":{"rendered":"<h2><strong><br \/>\nEquipo Humano<\/strong><\/h2>\n<p style=\"text-align: justify;\"><strong><br \/>\n<img loading=\"lazy\" decoding=\"async\" class=\"wp-image-153 alignleft\" src=\"https:\/\/alquimiaequina.com.ar\/www\/cont\/wp-content\/uploads\/2016\/09\/caro.jpg\" alt=\"caro\" width=\"275\" height=\"276\" srcset=\"https:\/\/alquimiaequina.com.ar\/cont\/wp-content\/uploads\/2016\/09\/caro.jpg 600w, https:\/\/alquimiaequina.com.ar\/cont\/wp-content\/uploads\/2016\/09\/caro-150x150.jpg 150w, https:\/\/alquimiaequina.com.ar\/cont\/wp-content\/uploads\/2016\/09\/caro-300x300.jpg 300w\" sizes=\"auto, (max-width: 275px) 85vw, 275px\" \/>Carolina Lockwood<\/strong> vive en Bariloche desde el a\u00f1o 1974. Enamorada de los caballos desde que era ni\u00f1a, estudio y se perfeccion\u00f3 en diferentes modalidades.<br \/>\nSe form\u00f3 en el amanse natural con Paul Walker, es egresada del <strong><em>Academy for coaching with horses<\/em> <\/strong>(Academia de coaching con caballos) en Colorado, EEUU con Kathy Pike.<br \/>\nCurs\u00f3 con Gabriela Abraham en Pacagua, El lenguaje del caballo,\u00a0 completando el nivel 1 y Train the Trainers, curs\u00f3 con Anna Twinney &#8220;animal communication&#8221;, masajes para caballos y animales en general con el m\u00e9todo de Linda Tellington Jones, y de Anahi Zlotnik.<\/p>\n<p style=\"text-align: justify;\">Seguidora de Klaus Hemfling, Anna Twinney, Marenke de Jong, Carolyn Resnik, Linda Tellington Jones, entre otros, siempre buscando el bienestar de los caballos y las formas mas naturales posibles de interactuar con ellos.<\/p>\n<p style=\"text-align: justify;\">Estudi\u00f3 y se form\u00f3 en equino terapia en diferentes centros, Buenos Aires, Grecia, Texas, \u00a0EEUU.<br \/>\nEs <em>facilitadora <\/em>del Horse Boy Method que focaliza desde la equinoterapia en personas con autismo.<\/p>\n<p style=\"text-align: justify;\">Cre\u00f3 la <strong>Fundacion Paso a Paso Bariloche<\/strong> Equinoterapia, , y trabjaa con personas con necesidades especiales a traves de la equinoterapia, junto a un equipo de profesionales. Es instructora de Brain Gym \u00ae (Gimnasia para el cerebro), facilitadora de Touch For Health (Toque para la salud), artista. Ha estudiado e investigado en diversos modalidades de desarrollo personal, brindando talleres de arte, sesiones de Brain Gym\u00ae, Touch for Health y masajes metam\u00f3rficos.<\/p>\n<p style=\"text-align: justify;\">Su misi\u00f3n es transmitir este amor por los caballos y ayudar a las personas a conectar con su verdadero potencial y camino de vida.<\/p>\n<p style=\"text-align: justify;\"><strong><img loading=\"lazy\" decoding=\"async\" class=\"wp-image-154 alignleft\" src=\"https:\/\/alquimiaequina.com.ar\/www\/cont\/wp-content\/uploads\/2016\/09\/sole.jpg\" alt=\"sole\" width=\"253\" height=\"254\" srcset=\"https:\/\/alquimiaequina.com.ar\/cont\/wp-content\/uploads\/2016\/09\/sole.jpg 600w, https:\/\/alquimiaequina.com.ar\/cont\/wp-content\/uploads\/2016\/09\/sole-150x150.jpg 150w, https:\/\/alquimiaequina.com.ar\/cont\/wp-content\/uploads\/2016\/09\/sole-300x300.jpg 300w\" sizes=\"auto, (max-width: 253px) 85vw, 253px\" \/>Maria Soledad Caracotche Zolezzi <\/strong>vive en Bariloche desde 1997. Su contacto con los caballos comenz\u00f3 a los tres a\u00f1os. Durante su infancia mantuvo una relaci\u00f3n muy estrecha con ellos vinculada a la vida en el campo.<\/p>\n<p style=\"text-align: justify;\">Durante su juventud realiz\u00f3 viajes con caballos como compa\u00f1eros de traves\u00eda y conocimiento personal.<br \/>\nAntrop\u00f3loga- formada en la Universidad de Buenos Aires- ha complementado su formaci\u00f3n humanista como Gu\u00eda interprete de la Naturaleza, moderadora de grupos y tratamiento de conflictos en estrecha relaci\u00f3n a la conservaci\u00f3n de la tierra y del mar .<br \/>\nDesde 1999, se form\u00f3 con Carolina Lockwood en sanaci\u00f3n por el arte colaborando con ella en los estudios e investigaciones de diversas modalidades de desarrollo personal, talleres de arte, sesiones de BrainGym\u00ae, TouchforHealth.<\/p>\n<p style=\"text-align: justify;\">Desde 2013, es consejera floral. Formada como profesional en el Programa Internacional de Educaci\u00f3n de Centro Bach (Inglaterra) contin\u00faa profundizando sus estudios mediante la elaboraci\u00f3n de las esencias de las flores madres e investigando las caracter\u00edsticas intr\u00ednsecas de cada flor y de los lugares y ambientes donde viven y crecen<br \/>\nSu misi\u00f3n es acompa\u00f1ar a las personas con la terapia floral durante el recorrido de conexi\u00f3n con los caballos en busca del encuentro del bienestar individual y la sanaci\u00f3n familiar.<\/p>\n<pre style=\"text-align: justify;\">\"El paciente del futuro podr\u00e1 obtener asesoramiento y ayuda de un hermano mayor que le asistir\u00e1 en su esfuerzo\" <em><strong>~ Eduard Bach<\/strong><\/em><\/pre>\n<pre><em>\"...sobre todo, empecemos a \"sentir\". La habilidad de sentir es un don de Dios a cada uno de nosotros. Que podamos empezar a sentirnos y a comprender a nuestros caballos\".<\/em>\r\n\r\n<em><strong>~ Klaus Ferdinand Hempfling<\/strong><\/em><\/pre>\n<p>&nbsp;<\/p>\n<p style=\"text-align: justify;\"><img loading=\"lazy\" decoding=\"async\" class=\"size-full wp-image-170 alignleft\" src=\"https:\/\/alquimiaequina.com.ar\/www\/cont\/wp-content\/uploads\/2016\/09\/equipoequino.jpg\" alt=\"equipoequino\" width=\"840\" height=\"225\" srcset=\"https:\/\/alquimiaequina.com.ar\/cont\/wp-content\/uploads\/2016\/09\/equipoequino.jpg 840w, https:\/\/alquimiaequina.com.ar\/cont\/wp-content\/uploads\/2016\/09\/equipoequino-300x80.jpg 300w, https:\/\/alquimiaequina.com.ar\/cont\/wp-content\/uploads\/2016\/09\/equipoequino-768x206.jpg 768w\" sizes=\"auto, (max-width: 709px) 85vw, (max-width: 909px) 67vw, (max-width: 1362px) 62vw, 840px\" \/><\/p>\n<p style=\"text-align: justify;\"><strong>EQUIPO EQUINO<br \/>\n<\/strong><\/p>\n<p style=\"text-align: justify;\">Ya son cinco en la manada, cada uno con su personalidad, \u00fanico, su manera de ser, lo cual nos ayudara a explorar y a crecer junto a ellos. Ser\u00e1n nuestros gu\u00edas, nuestros espejos, nuestros maestros en este camino.<\/p>\n<pre><em>\"Tengo un profundo respeto por estos animales tan sabios. Me gusta saber que ellos puedan elegir, elegir estar con nosotros o no, aceptarnos o no, jugar o bailar, de todas las maneras siempre nos estar\u00e1n ense\u00f1ando y\u00a0mostr\u00e1ndonos\u00a0como somos,\u00a0en nosotros est\u00e1 elegir permanecer siendo de una manera, o transformarnos en lo que verdaderamente somos y queremos ser.\u00a0\" <strong>~ Carolina Lookwood<\/strong><\/em><\/pre>\n<pre style=\"text-align: justify;\"><em>\"El caballo sabe. Sabe si tu sabes. Tambi\u00e9n sabe si no sabes. \"\u00a0<\/em><em><strong>~ Ray Hunt<\/strong><\/em><\/pre>\n","protected":false},"excerpt":{"rendered":"<p>Equipo Humano Carolina Lockwood vive en Bariloche desde el a\u00f1o 1974. Enamorada de los caballos desde que era ni\u00f1a, estudio y se perfeccion\u00f3 en diferentes modalidades. Se form\u00f3 en el amanse natural con Paul Walker, es egresada del Academy for coaching with horses (Academia de coaching con caballos) en Colorado, EEUU con Kathy Pike. Curs\u00f3 &hellip; <a href=\"https:\/\/alquimiaequina.com.ar\/cont\/pagina-ejemplo\" class=\"more-link\">Continuar leyendo<span class=\"screen-reader-text\"> &#8220;Qui\u00e9nes Somos&#8221;<\/span><\/a><\/p>\n","protected":false},"author":1,"featured_media":0,"parent":0,"menu_order":0,"comment_status":"closed","ping_status":"closed","template":"","meta":{"footnotes":""},"class_list":["post-2","page","type-page","status-publish","hentry"],"_links":{"self":[{"href":"https:\/\/alquimiaequina.com.ar\/cont\/wp-json\/wp\/v2\/pages\/2","targetHints":{"allow":["GET"]}}],"collection":[{"href":"https:\/\/alquimiaequina.com.ar\/cont\/wp-json\/wp\/v2\/pages"}],"about":[{"href":"https:\/\/alquimiaequina.com.ar\/cont\/wp-json\/wp\/v2\/types\/page"}],"author":[{"embeddable":true,"href":"https:\/\/alquimiaequina.com.ar\/cont\/wp-json\/wp\/v2\/users\/1"}],"replies":[{"embeddable":true,"href":"https:\/\/alquimiaequina.com.ar\/cont\/wp-json\/wp\/v2\/comments?post=2"}],"version-history":[{"count":24,"href":"https:\/\/alquimiaequina.com.ar\/cont\/wp-json\/wp\/v2\/pages\/2\/revisions"}],"predecessor-version":[{"id":209,"href":"https:\/\/alquimiaequina.com.ar\/cont\/wp-json\/wp\/v2\/pages\/2\/revisions\/209"}],"wp:attachment":[{"href":"https:\/\/alquimiaequina.com.ar\/cont\/wp-json\/wp\/v2\/media?parent=2"}],"curies":[{"name":"wp","href":"https:\/\/api.w.org\/{rel}","templated":true}]}}